{"id":119,"date":"2021-04-15T11:48:35","date_gmt":"2021-04-15T09:48:35","guid":{"rendered":"https:\/\/acca-group.info\/?page_id=119"},"modified":"2021-10-22T10:04:04","modified_gmt":"2021-10-22T08:04:04","slug":"raaps-projects","status":"publish","type":"page","link":"https:\/\/acca-group.info\/index.php\/projects\/raaps-projects\/","title":{"rendered":"RAAP&#8217;s Projects"},"content":{"rendered":"\n<p class=\"has-large-font-size\">International projects<\/p>\n\n\n\n<p><strong>Code is Loading Project (Erasmus+)<\/strong><\/p>\n\n\n\n<p>With this project an international online sharing platform will be established. Various programming language terms, resources, videos, visuals and various teaching materials will be provided in this platform for those who want to learn coding-programming. Partners: Bursa \u0130l Milli E\u011fitim M\u00fcd\u00fcrl\u00fc\u011f\u00fc (Bursa Provincial Directorate Of National Education- Bursa MEM, Turkey), Ali Osman S\u00f6nmez Mesleki ve Teknik Anadolu Lisesi (Ali Osman S\u00f6nmez Vocational and Technical High School \u2013 AOS MTAL, Turkey), Liceo Scienze Umane \u201cE.Gianturco\u201d (Italy), B\u00e1lint M\u00e1rton \u00c1ltal\u00e1nos \u00e9s K\u00f6z\u00e9piskola (BM\u00c1KI, Hungary), Universidad De Castilla \u2013 La Mancha (UCLM, Spain), Europa Training (UK) Ltd , Centrum Edukacyjne EST (EST, Poland), Agrupamento De Escolas Domingos Sequeir (AAEDS\/CCEMS, Portugal) &nbsp;&nbsp;<\/p>\n\n\n\n<p><strong>URL: <a href=\"http:\/\/codeisloading.com\/\">http:\/\/codeisloading.com\/<\/a><\/strong><\/p>\n\n\n\n<p><br><strong>Wearable methodology project (Erasmus+)<\/strong><\/p>\n\n\n\n<p><br>New methodology based on the use of innovative technologies for education. Partners: Anton Diaz School and the University of Castilla La Mancha (Spain), St. Kliment Ohridski School (Bulgaria), and&nbsp; Zorani\u0107 Petar Nin School (Croatia).<\/p>\n\n\n\n<p>URL: <a href=\"http:\/\/www.wearablemethodology.eu\/\" target=\"_blank\" rel=\"noreferrer noopener\">http:\/\/www.wearablemethodology.eu<\/a><\/p>\n\n\n\n<p class=\"has-large-font-size\"><br><br>National projects<\/p>\n\n\n\n<p><strong>Innovative Technologies and Applications for Data Centres and High-Performance Computers<\/strong><\/p>\n\n\n\n<p><br>The overall objective of this coordinated project is to develop techniques to improve the scalability of these the servers of Data Centres in terms of performance and energy. Applications will also be developed that take advantage of these improvements.<\/p>\n\n\n\n<p><strong>URL: <a rel=\"noreferrer noopener\" href=\"https:\/\/www.i3a.uclm.es\/raap\/?page_id=1137\" target=\"_blank\">https:\/\/www.i3a.uclm.es\/raap\/?page_id=1137<\/a><\/strong><\/p>\n\n\n\n<p><\/p>\n\n\n\n<p><strong>PEGASO: Performance-based Guided Approach SOlution<\/strong><\/p>\n\n\n\n<p>Two lines of research are being pursued. The main aim of the first one is to develop different avionics navigation systems that will allow the aircrafts performing approach and landing manoeuvres to do it in a more efficient way. The second one is related to the safe integration of UAS in the airspace, developing different navigations algorithms especially focused on the resolution of conflicts between UAS, minimizing the overhead produced by the deviations introduced.<br><br><strong>URL:\u00a0<\/strong><a href=\"https:\/\/www.i3a.uclm.es\/raap\/?page_id=25)\"><strong>https:\/\/www.i3a.uclm.es\/raap\/?page_id=25<\/strong><\/a><\/p>\n\n\n\n<p><br><strong>TETRA: Efficient Techniques for Advanced Interconnect Technologies<\/strong><\/p>\n\n\n\n<p><br>In this project we propose developing techniques that, from different aspects of the network, improve the efficiency and exploitation of leading interconnection-network technologies, in order to allow the configuration of network infrastructures able to efficiently interconnect a higher number of computing and storage nodes<\/p>\n\n\n\n<p><strong>URL: <a rel=\"noreferrer noopener\" href=\"http:\/\/hipineb.i3a.info\/tetra-project\/\" target=\"_blank\">http:\/\/hipineb.i3a.info\/tetra-project\/<\/a><\/strong><\/p>\n\n\n\n<p><br><strong>Improvements of Video coding and distribution over Wi-Fi networks<\/strong><\/p>\n\n\n\n<p><strong><br><\/strong>This research project aims to address the challenge of improving the quality of service (QoS) in the encoding and transmission of multimedia content over wireless networks, taking into account the quality of experience (QoE) of the end user, and ensuring that the privacy, integrity and confidentiality of the transmitted data are guaranteed.<\/p>\n\n\n\n<p><strong>URL: <a href=\"https:\/\/acca-group.info\/wp-admin\/post.php?post=119&amp;action=edit\">https:\/\/acca-group.info\/wp-admin\/post.php?post=119&amp;action=edit<\/a><\/strong><\/p>\n\n\n\n<p><br><strong>Advanced Routing, Congestion Control and Quality-of-Service Mechanisms in HPC Fabrics such as Intel\u00ae Omnipath<\/strong><\/p>\n\n\n\n<p><strong><br><\/strong>At a high-level, this research collaboration proposal will focus on two lines of work: 1. Develop new routing algorithms and congestion control mechanisms that will improve the predictability and performance of interconnection networks for key topologies. 2. Develop advanced mechanisms for Quality-of-Service (QoS), leveraging the architecture definition of the interconnection network, specifically targeting public Intel\u00ae Omnipath\u00ae features.<\/p>\n\n\n\n<p><strong>URL: <a rel=\"noreferrer noopener\" href=\"https:\/\/www.i3a.uclm.es\/raap\/?page_id=1060\" target=\"_blank\">https:\/\/www.i3a.uclm.es\/raap\/?page_id=1060<\/a><\/strong><\/p>\n\n\n\n<p><br><strong>Techniques to improve the architecture of servers, applications and services.<\/strong><\/p>\n\n\n\n<p><strong><br><\/strong>We develop research on chip-multicore architecture and on-chip networks, aiming at increasing performance, reducing power consumption, increasing reliability by means of providing fault-tolerance support, increasing flexibility through virtualization techniques, and reducing silicon area.<\/p>\n\n\n\n<p><strong>URL: <a href=\"https:\/\/www.i3a.uclm.es\/raap\/?page_id=723\" target=\"_blank\" rel=\"noreferrer noopener\">https:\/\/www.i3a.uclm.es\/raap\/?page_id=723<\/a><\/strong><\/p>\n\n\n\n<p><br><strong>Increasing on-chip network efficiency for improving the performance of chip multiprocessors supporting simultaneous parallel applications (2014-2017).<\/strong><\/p>\n\n\n\n<p><br>We propose new techniques to improve network performance, thereby also improving the performance of individual applications when they simultaneously run in chip multiprocessor.<\/p>\n\n\n\n<p><strong>URL: <a rel=\"noreferrer noopener\" href=\"https:\/\/www.i3a.uclm.es\/raap\/?page_id=89\" target=\"_blank\">https:\/\/www.i3a.uclm.es\/raap\/?page_id=89<\/a><\/strong><\/p>\n\n\n\n<p><br><strong>Ecosense II, Smart Energy Management System based on Wireless Sensor and Actuators Networks.<\/strong><\/p>\n\n\n\n<p><br>Ecosense II expects to implement an heterogeneous network to manage smart objects for different IoT applications using innovative communications standards (Bluetooth Low Energy, LoRa, ZigBee, WiFi, etc.).<\/p>\n\n\n\n<p><strong>URL: <a rel=\"noreferrer noopener\" href=\"http:\/\/ecosenseiot.wordpres.com\" target=\"_blank\">http:\/\/ecosenseiot.wordpres.com<\/a><\/strong><\/p>\n\n\n\n<p><br><strong>Ecosense I, Smart Energy Management System based on Wireless Sensor and Actuators Networks.+<\/strong><\/p>\n\n\n\n<p><strong><br><\/strong>Deployment of a wireless sensor network in the I3A to collect control, security and environmental indoor data. The result was the implementation of a real testbed, the I3ASensorBed, to test our applications and protocols easily.<\/p>\n\n\n\n<p><strong>URL: <a href=\"https:\/\/www.i3a.uclm.es\/raap\/?page_id=763\" target=\"_blank\" rel=\"noreferrer noopener\">https:\/\/www.i3a.uclm.es\/raap\/?page_id=763<\/a><\/strong><\/p>\n\n\n\n<p><\/p>\n","protected":false},"excerpt":{"rendered":"<p>International projects Code is Loading Project (Erasmus+) With this project an international online sharing platform will be established. Various programming language terms, resources, videos, visuals and various teaching materials will be provided in this platform for those who want to learn coding-programming. Partners: Bursa \u0130l Milli E\u011fitim M\u00fcd\u00fcrl\u00fc\u011f\u00fc (Bursa Provincial Directorate Of National Education- Bursa [&hellip;]<\/p>\n","protected":false},"author":1,"featured_media":0,"parent":121,"menu_order":0,"comment_status":"closed","ping_status":"closed","template":"","meta":{"_et_pb_use_builder":"off","_et_pb_old_content":"","_et_gb_content_width":"","footnotes":""},"class_list":["post-119","page","type-page","status-publish","hentry"],"_links":{"self":[{"href":"https:\/\/acca-group.info\/index.php\/wp-json\/wp\/v2\/pages\/119","targetHints":{"allow":["GET"]}}],"collection":[{"href":"https:\/\/acca-group.info\/index.php\/wp-json\/wp\/v2\/pages"}],"about":[{"href":"https:\/\/acca-group.info\/index.php\/wp-json\/wp\/v2\/types\/page"}],"author":[{"embeddable":true,"href":"https:\/\/acca-group.info\/index.php\/wp-json\/wp\/v2\/users\/1"}],"replies":[{"embeddable":true,"href":"https:\/\/acca-group.info\/index.php\/wp-json\/wp\/v2\/comments?post=119"}],"version-history":[{"count":2,"href":"https:\/\/acca-group.info\/index.php\/wp-json\/wp\/v2\/pages\/119\/revisions"}],"predecessor-version":[{"id":189,"href":"https:\/\/acca-group.info\/index.php\/wp-json\/wp\/v2\/pages\/119\/revisions\/189"}],"up":[{"embeddable":true,"href":"https:\/\/acca-group.info\/index.php\/wp-json\/wp\/v2\/pages\/121"}],"wp:attachment":[{"href":"https:\/\/acca-group.info\/index.php\/wp-json\/wp\/v2\/media?parent=119"}],"curies":[{"name":"wp","href":"https:\/\/api.w.org\/{rel}","templated":true}]}}